{"id":2792,"date":"2023-03-27T09:32:48","date_gmt":"2023-03-27T12:32:48","guid":{"rendered":"https:\/\/exitoquestoes.com.br\/banca-cesgranrio-copy\/"},"modified":"2023-06-22T21:04:54","modified_gmt":"2023-06-23T00:04:54","slug":"banca-inst-legatus","status":"publish","type":"page","link":"https:\/\/exitoquestoes.com.br\/ccm\/banca-inst-legatus\/","title":{"rendered":"Banca Instituto Legatus"},"content":{"rendered":"","protected":false},"excerpt":{"rendered":"","protected":false},"author":2,"featured_media":0,"parent":0,"menu_order":0,"comment_status":"closed","ping_status":"closed","template":"page-bancas.php","meta":{"footnotes":""},"class_list":["post-2792","page","type-page","status-publish","hentry"],"yoast_head":"<!-- This site is optimized with the Yoast SEO plugin v26.5 - https:\/\/yoast.com\/wordpress\/plugins\/seo\/ -->\n<title>Banca Instituto Legatus - \u00caXITO QUEST\u00d5ES<\/title>\n<meta name=\"description\" content=\"Estude para concurso com o Caderno de quest\u00f5es de concursos da banca CESGRANRIO.\" \/>\n<meta name=\"robots\" content=\"index, follow, max-snippet:-1, max-image-preview:large, max-video-preview:-1\" \/>\n<link rel=\"canonical\" href=\"https:\/\/exitoquestoes.com.br\/ccm\/banca-inst-legatus\/\" \/>\n<meta property=\"og:locale\" content=\"pt_BR\" \/>\n<meta property=\"og:type\" content=\"article\" \/>\n<meta property=\"og:title\" content=\"Banca Instituto Legatus - \u00caXITO QUEST\u00d5ES\" \/>\n<meta property=\"og:description\" content=\"Estude para concurso com o Caderno de quest\u00f5es de concursos da banca CESGRANRIO.\" \/>\n<meta property=\"og:url\" content=\"https:\/\/exitoquestoes.com.br\/ccm\/banca-inst-legatus\/\" \/>\n<meta property=\"og:site_name\" content=\"\u00caXITO QUEST\u00d5ES\" \/>\n<meta property=\"article:publisher\" content=\"https:\/\/www.facebook.com\/exitoquestoes\" \/>\n<meta property=\"article:modified_time\" content=\"2023-06-23T00:04:54+00:00\" \/>\n<meta property=\"og:image\" content=\"https:\/\/exitoquestoes.com.br\/ccm\/ccm\/wp-content\/uploads\/2021\/09\/Logo-CESGRANRIO-300x93-1.png\" \/>\n\t<meta property=\"og:image:width\" content=\"260\" \/>\n\t<meta property=\"og:image:height\" content=\"160\" \/>\n\t<meta property=\"og:image:type\" content=\"image\/png\" \/>\n<meta name=\"twitter:card\" content=\"summary_large_image\" \/>\n<meta name=\"twitter:image\" content=\"https:\/\/exitoquestoes.com.br\/ccm\/wp-content\/uploads\/2021\/09\/Logo-CESGRANRIO-300x93-1.png\" \/>\n<script type=\"application\/ld+json\" class=\"yoast-schema-graph\">{\"@context\":\"https:\/\/schema.org\",\"@graph\":[{\"@type\":\"WebPage\",\"@id\":\"https:\/\/exitoquestoes.com.br\/ccm\/banca-inst-legatus\/\",\"url\":\"https:\/\/exitoquestoes.com.br\/ccm\/banca-inst-legatus\/\",\"name\":\"Banca Instituto Legatus - \u00caXITO QUEST\u00d5ES\",\"isPartOf\":{\"@id\":\"https:\/\/exitoquestoes.com.br\/ccm\/#website\"},\"datePublished\":\"2023-03-27T12:32:48+00:00\",\"dateModified\":\"2023-06-23T00:04:54+00:00\",\"description\":\"Estude para concurso com o Caderno de quest\u00f5es de concursos da banca CESGRANRIO.\",\"breadcrumb\":{\"@id\":\"https:\/\/exitoquestoes.com.br\/ccm\/banca-inst-legatus\/#breadcrumb\"},\"inLanguage\":\"pt-BR\",\"potentialAction\":[{\"@type\":\"ReadAction\",\"target\":[\"https:\/\/exitoquestoes.com.br\/ccm\/banca-inst-legatus\/\"]}]},{\"@type\":\"BreadcrumbList\",\"@id\":\"https:\/\/exitoquestoes.com.br\/ccm\/banca-inst-legatus\/#breadcrumb\",\"itemListElement\":[{\"@type\":\"ListItem\",\"position\":1,\"name\":\"In\u00edcio\",\"item\":\"https:\/\/exitoquestoes.com.br\/ccm\/\"},{\"@type\":\"ListItem\",\"position\":2,\"name\":\"Banca Instituto Legatus\"}]},{\"@type\":\"WebSite\",\"@id\":\"https:\/\/exitoquestoes.com.br\/ccm\/#website\",\"url\":\"https:\/\/exitoquestoes.com.br\/ccm\/\",\"name\":\"\u00caXITO QUEST\u00d5ES\",\"description\":\"Esse Aprova\",\"publisher\":{\"@id\":\"https:\/\/exitoquestoes.com.br\/ccm\/#organization\"},\"potentialAction\":[{\"@type\":\"SearchAction\",\"target\":{\"@type\":\"EntryPoint\",\"urlTemplate\":\"https:\/\/exitoquestoes.com.br\/ccm\/?s={search_term_string}\"},\"query-input\":{\"@type\":\"PropertyValueSpecification\",\"valueRequired\":true,\"valueName\":\"search_term_string\"}}],\"inLanguage\":\"pt-BR\"},{\"@type\":\"Organization\",\"@id\":\"https:\/\/exitoquestoes.com.br\/ccm\/#organization\",\"name\":\"\u00caxito Quest\u00f5es\",\"url\":\"https:\/\/exitoquestoes.com.br\/ccm\/\",\"logo\":{\"@type\":\"ImageObject\",\"inLanguage\":\"pt-BR\",\"@id\":\"https:\/\/exitoquestoes.com.br\/ccm\/#\/schema\/logo\/image\/\",\"url\":\"https:\/\/exitoquestoes.com.br\/ccm\/ccm\/wp-content\/uploads\/2022\/03\/logo.png\",\"contentUrl\":\"https:\/\/exitoquestoes.com.br\/ccm\/ccm\/wp-content\/uploads\/2022\/03\/logo.png\",\"width\":147,\"height\":131,\"caption\":\"\u00caxito Quest\u00f5es\"},\"image\":{\"@id\":\"https:\/\/exitoquestoes.com.br\/ccm\/#\/schema\/logo\/image\/\"},\"sameAs\":[\"https:\/\/www.facebook.com\/exitoquestoes\",\"https:\/\/www.instagram.com\/exito_questoes\/\",\"https:\/\/www.youtube.com\/channel\/UCgFertSpfACtsTuwgAQZUrQ\"]}]}<\/script>\n<!-- \/ Yoast SEO plugin. -->","yoast_head_json":{"title":"Banca Instituto Legatus - \u00caXITO QUEST\u00d5ES","description":"Estude para concurso com o Caderno de quest\u00f5es de concursos da banca CESGRANRIO.","robots":{"index":"index","follow":"follow","max-snippet":"max-snippet:-1","max-image-preview":"max-image-preview:large","max-video-preview":"max-video-preview:-1"},"canonical":"https:\/\/exitoquestoes.com.br\/ccm\/banca-inst-legatus\/","og_locale":"pt_BR","og_type":"article","og_title":"Banca Instituto Legatus - \u00caXITO QUEST\u00d5ES","og_description":"Estude para concurso com o Caderno de quest\u00f5es de concursos da banca CESGRANRIO.","og_url":"https:\/\/exitoquestoes.com.br\/ccm\/banca-inst-legatus\/","og_site_name":"\u00caXITO QUEST\u00d5ES","article_publisher":"https:\/\/www.facebook.com\/exitoquestoes","article_modified_time":"2023-06-23T00:04:54+00:00","og_image":[{"width":260,"height":160,"url":"https:\/\/exitoquestoes.com.br\/ccm\/ccm\/wp-content\/uploads\/2021\/09\/Logo-CESGRANRIO-300x93-1.png","type":"image\/png"}],"twitter_card":"summary_large_image","twitter_image":"https:\/\/exitoquestoes.com.br\/ccm\/wp-content\/uploads\/2021\/09\/Logo-CESGRANRIO-300x93-1.png","schema":{"@context":"https:\/\/schema.org","@graph":[{"@type":"WebPage","@id":"https:\/\/exitoquestoes.com.br\/ccm\/banca-inst-legatus\/","url":"https:\/\/exitoquestoes.com.br\/ccm\/banca-inst-legatus\/","name":"Banca Instituto Legatus - \u00caXITO QUEST\u00d5ES","isPartOf":{"@id":"https:\/\/exitoquestoes.com.br\/ccm\/#website"},"datePublished":"2023-03-27T12:32:48+00:00","dateModified":"2023-06-23T00:04:54+00:00","description":"Estude para concurso com o Caderno de quest\u00f5es de concursos da banca CESGRANRIO.","breadcrumb":{"@id":"https:\/\/exitoquestoes.com.br\/ccm\/banca-inst-legatus\/#breadcrumb"},"inLanguage":"pt-BR","potentialAction":[{"@type":"ReadAction","target":["https:\/\/exitoquestoes.com.br\/ccm\/banca-inst-legatus\/"]}]},{"@type":"BreadcrumbList","@id":"https:\/\/exitoquestoes.com.br\/ccm\/banca-inst-legatus\/#breadcrumb","itemListElement":[{"@type":"ListItem","position":1,"name":"In\u00edcio","item":"https:\/\/exitoquestoes.com.br\/ccm\/"},{"@type":"ListItem","position":2,"name":"Banca Instituto Legatus"}]},{"@type":"WebSite","@id":"https:\/\/exitoquestoes.com.br\/ccm\/#website","url":"https:\/\/exitoquestoes.com.br\/ccm\/","name":"\u00caXITO QUEST\u00d5ES","description":"Esse Aprova","publisher":{"@id":"https:\/\/exitoquestoes.com.br\/ccm\/#organization"},"potentialAction":[{"@type":"SearchAction","target":{"@type":"EntryPoint","urlTemplate":"https:\/\/exitoquestoes.com.br\/ccm\/?s={search_term_string}"},"query-input":{"@type":"PropertyValueSpecification","valueRequired":true,"valueName":"search_term_string"}}],"inLanguage":"pt-BR"},{"@type":"Organization","@id":"https:\/\/exitoquestoes.com.br\/ccm\/#organization","name":"\u00caxito Quest\u00f5es","url":"https:\/\/exitoquestoes.com.br\/ccm\/","logo":{"@type":"ImageObject","inLanguage":"pt-BR","@id":"https:\/\/exitoquestoes.com.br\/ccm\/#\/schema\/logo\/image\/","url":"https:\/\/exitoquestoes.com.br\/ccm\/ccm\/wp-content\/uploads\/2022\/03\/logo.png","contentUrl":"https:\/\/exitoquestoes.com.br\/ccm\/ccm\/wp-content\/uploads\/2022\/03\/logo.png","width":147,"height":131,"caption":"\u00caxito Quest\u00f5es"},"image":{"@id":"https:\/\/exitoquestoes.com.br\/ccm\/#\/schema\/logo\/image\/"},"sameAs":["https:\/\/www.facebook.com\/exitoquestoes","https:\/\/www.instagram.com\/exito_questoes\/","https:\/\/www.youtube.com\/channel\/UCgFertSpfACtsTuwgAQZUrQ"]}]}},"_links":{"self":[{"href":"https:\/\/exitoquestoes.com.br\/ccm\/wp-json\/wp\/v2\/pages\/2792","targetHints":{"allow":["GET"]}}],"collection":[{"href":"https:\/\/exitoquestoes.com.br\/ccm\/wp-json\/wp\/v2\/pages"}],"about":[{"href":"https:\/\/exitoquestoes.com.br\/ccm\/wp-json\/wp\/v2\/types\/page"}],"author":[{"embeddable":true,"href":"https:\/\/exitoquestoes.com.br\/ccm\/wp-json\/wp\/v2\/users\/2"}],"replies":[{"embeddable":true,"href":"https:\/\/exitoquestoes.com.br\/ccm\/wp-json\/wp\/v2\/comments?post=2792"}],"version-history":[{"count":3,"href":"https:\/\/exitoquestoes.com.br\/ccm\/wp-json\/wp\/v2\/pages\/2792\/revisions"}],"predecessor-version":[{"id":3497,"href":"https:\/\/exitoquestoes.com.br\/ccm\/wp-json\/wp\/v2\/pages\/2792\/revisions\/3497"}],"wp:attachment":[{"href":"https:\/\/exitoquestoes.com.br\/ccm\/wp-json\/wp\/v2\/media?parent=2792"}],"curies":[{"name":"wp","href":"https:\/\/api.w.org\/{rel}","templated":true}]}}