{"id":2397,"date":"2023-01-20T18:35:54","date_gmt":"2023-01-20T21:35:54","guid":{"rendered":"https:\/\/exitoquestoes.com.br\/?page_id=2397"},"modified":"2023-01-20T18:37:23","modified_gmt":"2023-01-20T21:37:23","slug":"perguntas-frequentes","status":"publish","type":"page","link":"https:\/\/exitoquestoes.com.br\/ccm\/perguntas-frequentes\/","title":{"rendered":"Perguntas Frequentes"},"content":{"rendered":"<p>.<\/p>\n<h3><strong>O material \u00e9 impresso?<\/strong><\/h3>\n<p>N\u00e3o o material \u00e9 digital, em pdf<\/p>\n<hr \/>\n<h3><strong>O material \u00e9 impresso?<\/strong><\/h3>\n<p>N\u00e3o o material \u00e9 digital, em pdf<\/p>\n<p>&nbsp;<\/p>\n","protected":false},"excerpt":{"rendered":"<p>. O material \u00e9 impresso? N\u00e3o o material \u00e9 digital, em pdf O material \u00e9 impresso? N\u00e3o o material \u00e9 digital, em pdf &nbsp;<\/p>\n","protected":false},"author":2,"featured_media":0,"parent":0,"menu_order":0,"comment_status":"closed","ping_status":"closed","template":"","meta":{"footnotes":""},"class_list":["post-2397","page","type-page","status-publish","hentry"],"yoast_head":"<!-- This site is optimized with the Yoast SEO plugin v26.5 - https:\/\/yoast.com\/wordpress\/plugins\/seo\/ -->\n<title>Perguntas Frequentes - \u00caXITO QUEST\u00d5ES<\/title>\n<meta name=\"robots\" content=\"index, follow, max-snippet:-1, max-image-preview:large, max-video-preview:-1\" \/>\n<link rel=\"canonical\" href=\"https:\/\/exitoquestoes.com.br\/ccm\/perguntas-frequentes\/\" \/>\n<meta property=\"og:locale\" content=\"pt_BR\" \/>\n<meta property=\"og:type\" content=\"article\" \/>\n<meta property=\"og:title\" content=\"Perguntas Frequentes - \u00caXITO QUEST\u00d5ES\" \/>\n<meta property=\"og:description\" content=\". O material \u00e9 impresso? N\u00e3o o material \u00e9 digital, em pdf O material \u00e9 impresso? N\u00e3o o material \u00e9 digital, em pdf &nbsp;\" \/>\n<meta property=\"og:url\" content=\"https:\/\/exitoquestoes.com.br\/ccm\/perguntas-frequentes\/\" \/>\n<meta property=\"og:site_name\" content=\"\u00caXITO QUEST\u00d5ES\" \/>\n<meta property=\"article:publisher\" content=\"https:\/\/www.facebook.com\/exitoquestoes\" \/>\n<meta property=\"article:modified_time\" content=\"2023-01-20T21:37:23+00:00\" \/>\n<meta property=\"og:image\" content=\"https:\/\/exitoquestoes.com.br\/ccm\/wp-content\/uploads\/2022\/03\/logo.png\" \/>\n\t<meta property=\"og:image:width\" content=\"147\" \/>\n\t<meta property=\"og:image:height\" content=\"131\" \/>\n\t<meta property=\"og:image:type\" content=\"image\/png\" \/>\n<meta name=\"twitter:card\" content=\"summary_large_image\" \/>\n<meta name=\"twitter:label1\" content=\"Est. tempo de leitura\" \/>\n\t<meta name=\"twitter:data1\" content=\"1 minuto\" \/>\n<script type=\"application\/ld+json\" class=\"yoast-schema-graph\">{\"@context\":\"https:\/\/schema.org\",\"@graph\":[{\"@type\":\"WebPage\",\"@id\":\"https:\/\/exitoquestoes.com.br\/ccm\/perguntas-frequentes\/\",\"url\":\"https:\/\/exitoquestoes.com.br\/ccm\/perguntas-frequentes\/\",\"name\":\"Perguntas Frequentes - \u00caXITO QUEST\u00d5ES\",\"isPartOf\":{\"@id\":\"https:\/\/exitoquestoes.com.br\/ccm\/#website\"},\"datePublished\":\"2023-01-20T21:35:54+00:00\",\"dateModified\":\"2023-01-20T21:37:23+00:00\",\"breadcrumb\":{\"@id\":\"https:\/\/exitoquestoes.com.br\/ccm\/perguntas-frequentes\/#breadcrumb\"},\"inLanguage\":\"pt-BR\",\"potentialAction\":[{\"@type\":\"ReadAction\",\"target\":[\"https:\/\/exitoquestoes.com.br\/ccm\/perguntas-frequentes\/\"]}]},{\"@type\":\"BreadcrumbList\",\"@id\":\"https:\/\/exitoquestoes.com.br\/ccm\/perguntas-frequentes\/#breadcrumb\",\"itemListElement\":[{\"@type\":\"ListItem\",\"position\":1,\"name\":\"In\u00edcio\",\"item\":\"https:\/\/exitoquestoes.com.br\/ccm\/\"},{\"@type\":\"ListItem\",\"position\":2,\"name\":\"Perguntas Frequentes\"}]},{\"@type\":\"WebSite\",\"@id\":\"https:\/\/exitoquestoes.com.br\/ccm\/#website\",\"url\":\"https:\/\/exitoquestoes.com.br\/ccm\/\",\"name\":\"\u00caXITO QUEST\u00d5ES\",\"description\":\"Esse Aprova\",\"publisher\":{\"@id\":\"https:\/\/exitoquestoes.com.br\/ccm\/#organization\"},\"potentialAction\":[{\"@type\":\"SearchAction\",\"target\":{\"@type\":\"EntryPoint\",\"urlTemplate\":\"https:\/\/exitoquestoes.com.br\/ccm\/?s={search_term_string}\"},\"query-input\":{\"@type\":\"PropertyValueSpecification\",\"valueRequired\":true,\"valueName\":\"search_term_string\"}}],\"inLanguage\":\"pt-BR\"},{\"@type\":\"Organization\",\"@id\":\"https:\/\/exitoquestoes.com.br\/ccm\/#organization\",\"name\":\"\u00caxito Quest\u00f5es\",\"url\":\"https:\/\/exitoquestoes.com.br\/ccm\/\",\"logo\":{\"@type\":\"ImageObject\",\"inLanguage\":\"pt-BR\",\"@id\":\"https:\/\/exitoquestoes.com.br\/ccm\/#\/schema\/logo\/image\/\",\"url\":\"https:\/\/exitoquestoes.com.br\/ccm\/ccm\/wp-content\/uploads\/2022\/03\/logo.png\",\"contentUrl\":\"https:\/\/exitoquestoes.com.br\/ccm\/ccm\/wp-content\/uploads\/2022\/03\/logo.png\",\"width\":147,\"height\":131,\"caption\":\"\u00caxito Quest\u00f5es\"},\"image\":{\"@id\":\"https:\/\/exitoquestoes.com.br\/ccm\/#\/schema\/logo\/image\/\"},\"sameAs\":[\"https:\/\/www.facebook.com\/exitoquestoes\",\"https:\/\/www.instagram.com\/exito_questoes\/\",\"https:\/\/www.youtube.com\/channel\/UCgFertSpfACtsTuwgAQZUrQ\"]}]}<\/script>\n<!-- \/ Yoast SEO plugin. -->","yoast_head_json":{"title":"Perguntas Frequentes - \u00caXITO QUEST\u00d5ES","robots":{"index":"index","follow":"follow","max-snippet":"max-snippet:-1","max-image-preview":"max-image-preview:large","max-video-preview":"max-video-preview:-1"},"canonical":"https:\/\/exitoquestoes.com.br\/ccm\/perguntas-frequentes\/","og_locale":"pt_BR","og_type":"article","og_title":"Perguntas Frequentes - \u00caXITO QUEST\u00d5ES","og_description":". O material \u00e9 impresso? N\u00e3o o material \u00e9 digital, em pdf O material \u00e9 impresso? N\u00e3o o material \u00e9 digital, em pdf &nbsp;","og_url":"https:\/\/exitoquestoes.com.br\/ccm\/perguntas-frequentes\/","og_site_name":"\u00caXITO QUEST\u00d5ES","article_publisher":"https:\/\/www.facebook.com\/exitoquestoes","article_modified_time":"2023-01-20T21:37:23+00:00","og_image":[{"width":147,"height":131,"url":"https:\/\/exitoquestoes.com.br\/ccm\/wp-content\/uploads\/2022\/03\/logo.png","type":"image\/png"}],"twitter_card":"summary_large_image","twitter_misc":{"Est. tempo de leitura":"1 minuto"},"schema":{"@context":"https:\/\/schema.org","@graph":[{"@type":"WebPage","@id":"https:\/\/exitoquestoes.com.br\/ccm\/perguntas-frequentes\/","url":"https:\/\/exitoquestoes.com.br\/ccm\/perguntas-frequentes\/","name":"Perguntas Frequentes - \u00caXITO QUEST\u00d5ES","isPartOf":{"@id":"https:\/\/exitoquestoes.com.br\/ccm\/#website"},"datePublished":"2023-01-20T21:35:54+00:00","dateModified":"2023-01-20T21:37:23+00:00","breadcrumb":{"@id":"https:\/\/exitoquestoes.com.br\/ccm\/perguntas-frequentes\/#breadcrumb"},"inLanguage":"pt-BR","potentialAction":[{"@type":"ReadAction","target":["https:\/\/exitoquestoes.com.br\/ccm\/perguntas-frequentes\/"]}]},{"@type":"BreadcrumbList","@id":"https:\/\/exitoquestoes.com.br\/ccm\/perguntas-frequentes\/#breadcrumb","itemListElement":[{"@type":"ListItem","position":1,"name":"In\u00edcio","item":"https:\/\/exitoquestoes.com.br\/ccm\/"},{"@type":"ListItem","position":2,"name":"Perguntas Frequentes"}]},{"@type":"WebSite","@id":"https:\/\/exitoquestoes.com.br\/ccm\/#website","url":"https:\/\/exitoquestoes.com.br\/ccm\/","name":"\u00caXITO QUEST\u00d5ES","description":"Esse Aprova","publisher":{"@id":"https:\/\/exitoquestoes.com.br\/ccm\/#organization"},"potentialAction":[{"@type":"SearchAction","target":{"@type":"EntryPoint","urlTemplate":"https:\/\/exitoquestoes.com.br\/ccm\/?s={search_term_string}"},"query-input":{"@type":"PropertyValueSpecification","valueRequired":true,"valueName":"search_term_string"}}],"inLanguage":"pt-BR"},{"@type":"Organization","@id":"https:\/\/exitoquestoes.com.br\/ccm\/#organization","name":"\u00caxito Quest\u00f5es","url":"https:\/\/exitoquestoes.com.br\/ccm\/","logo":{"@type":"ImageObject","inLanguage":"pt-BR","@id":"https:\/\/exitoquestoes.com.br\/ccm\/#\/schema\/logo\/image\/","url":"https:\/\/exitoquestoes.com.br\/ccm\/ccm\/wp-content\/uploads\/2022\/03\/logo.png","contentUrl":"https:\/\/exitoquestoes.com.br\/ccm\/ccm\/wp-content\/uploads\/2022\/03\/logo.png","width":147,"height":131,"caption":"\u00caxito Quest\u00f5es"},"image":{"@id":"https:\/\/exitoquestoes.com.br\/ccm\/#\/schema\/logo\/image\/"},"sameAs":["https:\/\/www.facebook.com\/exitoquestoes","https:\/\/www.instagram.com\/exito_questoes\/","https:\/\/www.youtube.com\/channel\/UCgFertSpfACtsTuwgAQZUrQ"]}]}},"_links":{"self":[{"href":"https:\/\/exitoquestoes.com.br\/ccm\/wp-json\/wp\/v2\/pages\/2397","targetHints":{"allow":["GET"]}}],"collection":[{"href":"https:\/\/exitoquestoes.com.br\/ccm\/wp-json\/wp\/v2\/pages"}],"about":[{"href":"https:\/\/exitoquestoes.com.br\/ccm\/wp-json\/wp\/v2\/types\/page"}],"author":[{"embeddable":true,"href":"https:\/\/exitoquestoes.com.br\/ccm\/wp-json\/wp\/v2\/users\/2"}],"replies":[{"embeddable":true,"href":"https:\/\/exitoquestoes.com.br\/ccm\/wp-json\/wp\/v2\/comments?post=2397"}],"version-history":[{"count":6,"href":"https:\/\/exitoquestoes.com.br\/ccm\/wp-json\/wp\/v2\/pages\/2397\/revisions"}],"predecessor-version":[{"id":2403,"href":"https:\/\/exitoquestoes.com.br\/ccm\/wp-json\/wp\/v2\/pages\/2397\/revisions\/2403"}],"wp:attachment":[{"href":"https:\/\/exitoquestoes.com.br\/ccm\/wp-json\/wp\/v2\/media?parent=2397"}],"curies":[{"name":"wp","href":"https:\/\/api.w.org\/{rel}","templated":true}]}}